{"id":3915,"date":"2024-03-05T16:13:21","date_gmt":"2024-03-05T22:13:21","guid":{"rendered":"https:\/\/crozbiotech.com\/registration\/"},"modified":"2024-03-05T18:27:34","modified_gmt":"2024-03-06T00:27:34","slug":"registro","status":"publish","type":"page","link":"https:\/\/crozbiotech.com\/en\/registro\/","title":{"rendered":"Registro"},"content":{"rendered":"<div data-elementor-type=\"wp-page\" data-elementor-id=\"3915\" class=\"elementor elementor-3915\" data-elementor-post-type=\"page\">\n\t\t\t\t\t\t<section class=\"elementor-section elementor-top-section elementor-element elementor-element-22d6eea elementor-section-boxed elementor-section-height-default elementor-section-height-default\" data-id=\"22d6eea\" data-element_type=\"section\">\n\t\t\t\t\t\t<div class=\"elementor-container elementor-column-gap-default\">\n\t\t\t\t\t<div class=\"elementor-column elementor-col-100 elementor-top-column elementor-element elementor-element-4ac5aa5\" data-id=\"4ac5aa5\" data-element_type=\"column\">\n\t\t\t<div class=\"elementor-widget-wrap elementor-element-populated\">\n\t\t\t\t\t\t<div class=\"elementor-element elementor-element-c68817f elementor-widget elementor-widget-image\" data-id=\"c68817f\" data-element_type=\"widget\" data-widget_type=\"image.default\">\n\t\t\t\t<div class=\"elementor-widget-container\">\n\t\t\t<style>\/*! elementor - v3.19.0 - 28-02-2024 *\/\n.elementor-widget-image{text-align:center}.elementor-widget-image a{display:inline-block}.elementor-widget-image a img[src$=\".svg\"]{width:48px}.elementor-widget-image img{vertical-align:middle;display:inline-block}<\/style>\t\t\t\t\t\t\t\t\t\t<img decoding=\"async\" width=\"300\" height=\"155\" src=\"https:\/\/crozbiotech.com\/wp-content\/uploads\/2024\/03\/CROZBIOTECH-LOGO-300x155.png\" class=\"attachment-medium size-medium wp-image-3723\" alt=\"\" srcset=\"https:\/\/crozbiotech.com\/wp-content\/uploads\/2024\/03\/CROZBIOTECH-LOGO-300x155.png 300w, https:\/\/crozbiotech.com\/wp-content\/uploads\/2024\/03\/CROZBIOTECH-LOGO-18x9.png 18w, https:\/\/crozbiotech.com\/wp-content\/uploads\/2024\/03\/CROZBIOTECH-LOGO.png 695w\" sizes=\"(max-width: 300px) 100vw, 300px\" \/>\t\t\t\t\t\t\t\t\t\t\t\t\t<\/div>\n\t\t\t\t<\/div>\n\t\t\t\t\t<\/div>\n\t\t<\/div>\n\t\t\t\t\t<\/div>\n\t\t<\/section>\n\t\t\t\t<section class=\"elementor-section elementor-top-section elementor-element elementor-element-af6565e elementor-section-boxed elementor-section-height-default elementor-section-height-default\" data-id=\"af6565e\" data-element_type=\"section\">\n\t\t\t\t\t\t<div class=\"elementor-container elementor-column-gap-default\">\n\t\t\t\t\t<div class=\"elementor-column elementor-col-100 elementor-top-column elementor-element elementor-element-70f6942\" data-id=\"70f6942\" data-element_type=\"column\">\n\t\t\t<div class=\"elementor-widget-wrap elementor-element-populated\">\n\t\t\t\t\t\t<div class=\"elementor-element elementor-element-466b117 elementor-widget elementor-widget-text-editor\" data-id=\"466b117\" data-element_type=\"widget\" data-widget_type=\"text-editor.default\">\n\t\t\t\t<div class=\"elementor-widget-container\">\n\t\t\t<style>\/*! elementor - v3.19.0 - 28-02-2024 *\/\n.elementor-widget-text-editor.elementor-drop-cap-view-stacked .elementor-drop-cap{background-color:#69727d;color:#fff}.elementor-widget-text-editor.elementor-drop-cap-view-framed .elementor-drop-cap{color:#69727d;border:3px solid;background-color:transparent}.elementor-widget-text-editor:not(.elementor-drop-cap-view-default) .elementor-drop-cap{margin-top:8px}.elementor-widget-text-editor:not(.elementor-drop-cap-view-default) .elementor-drop-cap-letter{width:1em;height:1em}.elementor-widget-text-editor .elementor-drop-cap{float:left;text-align:center;line-height:1;font-size:50px}.elementor-widget-text-editor .elementor-drop-cap-letter{display:inline-block}<\/style>\t\t\t\t<p>Descubre el camino hacia un estilo de vida m\u00e1s sostenible y conecta con la innovaci\u00f3n ambiental. \u00bfListo para recibir contenido exclusivo sobre agricultura regenerativa, consejos eco-amigables y noticias sobre avances en sostenibilidad?<\/p><p>\ud83c\udf31 <strong>Reg\u00edstrate Ahora para Acceder a:<\/strong><\/p><p>\u2728 Contenidos Exclusivos: Informaci\u00f3n privilegiada sobre pr\u00e1cticas agr\u00edcolas regenerativas y tecnolog\u00edas eco-innovadoras.<\/p><p>\ud83c\udf10 Novedades Sostenibles: Mantente actualizado con las \u00faltimas noticias sobre acuerdos clim\u00e1ticos, avances en energ\u00edas renovables y m\u00e1s.<\/p><p>\ud83c\udf3f Consejos Pr\u00e1cticos: Consejos diarios para llevar un estilo de vida m\u00e1s verde, desde h\u00e1bitos sostenibles hasta recetas eco-conscientes.<\/p><p>Al unirte a nuestra comunidad, no solo te sumas a la revoluci\u00f3n verde, \u00a1sino que tambi\u00e9n recibir\u00e1s un regalo de bienvenida exclusivo! Reg\u00edstrate ahora y comienza tu viaje hacia un mundo m\u00e1s sostenible. \ud83c\udf0e\u2728 #JuntosPorLaSostenibilidad<\/p>\t\t\t\t\t\t<\/div>\n\t\t\t\t<\/div>\n\t\t\t\t\t<\/div>\n\t\t<\/div>\n\t\t\t\t\t<\/div>\n\t\t<\/section>\n\t\t\t\t<section class=\"elementor-section elementor-top-section elementor-element elementor-element-2ab99675 elementor-section-boxed elementor-section-height-default elementor-section-height-default\" data-id=\"2ab99675\" data-element_type=\"section\">\n\t\t\t\t\t\t<div class=\"elementor-container elementor-column-gap-default\">\n\t\t\t\t\t<div class=\"elementor-column elementor-col-100 elementor-top-column elementor-element elementor-element-46ed2ef0\" data-id=\"46ed2ef0\" data-element_type=\"column\">\n\t\t\t<div class=\"elementor-widget-wrap elementor-element-populated\">\n\t\t\t\t\t\t<div class=\"elementor-element elementor-element-3099f364 elementor-widget elementor-widget-shortcode\" data-id=\"3099f364\" data-element_type=\"widget\" data-widget_type=\"shortcode.default\">\n\t\t\t\t<div class=\"elementor-widget-container\">\n\t\t\t\t\t<div class=\"elementor-shortcode\">\t<div class='user-registration ur-frontend-form ur-frontend-form--rounded ur-frontend-form--rounded-edge' id='user-registration-form-3914'>\n\t\t<form method='post' class='register' data-form-id=\"3914\"\n\t\t\t  data-enable-strength-password=\"\" data-minimum-password-strength=\"3\"  data-captcha-enabled=\"\" action=\"\">\n\n\t\t\t\t\t\t\t\t\t<div class='ur-form-row'>\n\t\t\t\t\t\t\t\t\t\t\t\t\t\t\t\t<div class=\"ur-form-grid ur-grid-1\"\n\t\t\t\t\t\t\t\t\t\t\t style=\"width:99%\">\n\t\t\t\t\t\t\t\t\t\t\t\t\t\t\t\t\t\t\t\t\t\t\t\t<div  data-field-id=\"user_login\" class=\"ur-field-item field-user_login\">\n\t\t\t\t\t\t\t\t\t\t\t\t\t<div class=\"form-row validate-required\" id=\"user_login_field\" data-priority=\"\" ><label for=\"user_login\" class=\"ur-label\">Usuario deseado <abbr class=\"required\" title=\"required\">*<\/abbr><\/label> <span class=\"input-wrapper\"> <input data-rules=\"\" data-id=\"user_login\" type=\"text\" class=\"input-text  input-text ur-frontend-field\" name=\"user_login\" id=\"user_login\" placeholder=\"\"  value=\"\" required=\"required\" data-label=\"Usuario deseado\" data-username-character=\"yes\"\/><span class=\"ur-icon ur-icon-user\"><\/span> <\/span> <\/div>\t\t\t\t\t\t\t\t\t\t\t\t\t\t\t<\/div>\n\t\t\t\t\t\t\t\t\t\t\t\t\t\t\t\t\t\t\t\t\t\t\t\t\t\t\t\t<div  data-field-id=\"first_name\" class=\"ur-field-item field-first_name\">\n\t\t\t\t\t\t\t\t\t\t\t\t\t<div class=\"form-row\" id=\"first_name_field\" data-priority=\"\" ><label for=\"first_name\" class=\"ur-label\">Primer Nombre<\/label> <span class=\"input-wrapper\"> <input data-rules=\"\" data-id=\"first_name\" type=\"text\" class=\"input-text  input-text ur-frontend-field\" name=\"first_name\" id=\"first_name\" placeholder=\"\"  value=\"\" data-label=\"Primer Nombre\" \/><span class=\"ur-icon ur-icon-input-first-name\"><\/span> <\/span> <\/div>\t\t\t\t\t\t\t\t\t\t\t\t\t\t\t<\/div>\n\t\t\t\t\t\t\t\t\t\t\t\t\t\t\t\t\t\t\t\t\t\t\t\t\t\t\t\t<div  data-field-id=\"last_name\" class=\"ur-field-item field-last_name\">\n\t\t\t\t\t\t\t\t\t\t\t\t\t<div class=\"form-row\" id=\"last_name_field\" data-priority=\"\" ><label for=\"last_name\" class=\"ur-label\">Apellido<\/label> <span class=\"input-wrapper\"> <input data-rules=\"\" data-id=\"last_name\" type=\"text\" class=\"input-text  input-text ur-frontend-field\" name=\"last_name\" id=\"last_name\" placeholder=\"\"  value=\"\" data-label=\"Apellido\" \/><span class=\"ur-icon ur-icon-input-last-name\"><\/span> <\/span> <\/div>\t\t\t\t\t\t\t\t\t\t\t\t\t\t\t<\/div>\n\t\t\t\t\t\t\t\t\t\t\t\t\t\t\t\t\t\t\t\t\t\t\t\t\t\t\t\t<div  data-field-id=\"user_email\" class=\"ur-field-item field-user_email\">\n\t\t\t\t\t\t\t\t\t\t\t\t\t<div class=\"form-row validate-required\" id=\"user_email_field\" data-priority=\"\" ><label for=\"user_email\" class=\"ur-label\">Email <abbr class=\"required\" title=\"required\">*<\/abbr><\/label> <span class=\"input-wrapper\"> <input data-rules=\"\" data-id=\"user_email\" type=\"email\" class=\"input-text  input-email ur-frontend-field\" name=\"user_email\" id=\"user_email\" placeholder=\"\"  value=\"\" required=\"required\" data-label=\"Email\" \/><span class=\"ur-icon ur-icon-email\"><\/span> <\/span> <\/div>\t\t\t\t\t\t\t\t\t\t\t\t\t\t\t<\/div>\n\t\t\t\t\t\t\t\t\t\t\t\t\t\t\t\t\t\t\t\t\t\t\t\t\t\t\t\t<div  data-field-id=\"user_confirm_email\" class=\"ur-field-item field-user_confirm_email\">\n\t\t\t\t\t\t\t\t\t\t\t\t\t<div class=\"form-row validate-required\" id=\"user_confirm_email_field\" data-priority=\"\" ><label for=\"user_confirm_email\" class=\"ur-label\">Confirmar Direcci\u00f3n De Correo Electr\u00f3nico <abbr class=\"required\" title=\"required\">*<\/abbr><\/label> <span class=\"input-wrapper\"> <input data-rules=\"\" data-id=\"user_confirm_email\" type=\"email\" class=\"input-text  input-email ur-frontend-field\" name=\"user_confirm_email\" id=\"user_confirm_email\" placeholder=\"\"  value=\"\" required=\"required\" data-label=\"Confirmar Direcci\u00f3n De Correo Electr\u00f3nico\" \/><span class=\"ur-icon ur-icon-email-confirm\"><\/span> <\/span> <\/div>\t\t\t\t\t\t\t\t\t\t\t\t\t\t\t<\/div>\n\t\t\t\t\t\t\t\t\t\t\t\t\t\t\t\t\t\t\t\t\t\t\t\t\t\t\t\t<div  data-field-id=\"user_pass\" class=\"ur-field-item field-user_pass\">\n\t\t\t\t\t\t\t\t\t\t\t\t\t<div class=\"form-row validate-required hide_show_password\" id=\"user_pass_field\" data-priority=\"\"><label for=\"user_pass\" class=\"ur-label\">Contrase\u00f1a deseada <abbr class=\"required\" title=\"required\">*<\/abbr><\/label> <span class=\"input-wrapper\"> <span class=\"password-input-group input-form-field-icons\"><input data-rules=\"\" data-id=\"user_pass\" type=\"password\" class=\"input-text  input-password ur-frontend-field\" name=\"user_pass\" id=\"user_pass\" placeholder=\"\"  value=\"\" required=\"required\" data-label=\"Contrase\u00f1a deseada\" \/><a href=\"javaScript:void(0)\" class=\"password_preview dashicons dashicons-hidden\" title=\" Show password \"><\/a><\/span><span class=\"ur-icon ur-icon-password\"><\/span> <\/span> <\/div>\t\t\t\t\t\t\t\t\t\t\t\t\t\t\t<\/div>\n\t\t\t\t\t\t\t\t\t\t\t\t\t\t\t\t\t\t\t\t\t\t\t\t\t\t\t\t<div  data-field-id=\"user_confirm_password\" class=\"ur-field-item field-user_confirm_password\">\n\t\t\t\t\t\t\t\t\t\t\t\t\t<div class=\"form-row validate-required hide_show_password\" id=\"user_confirm_password_field\" data-priority=\"\"><label for=\"user_confirm_password\" class=\"ur-label\">Confirma tu contrase\u00f1a <abbr class=\"required\" title=\"required\">*<\/abbr><\/label> <span class=\"input-wrapper\"> <span class=\"password-input-group input-form-field-icons\"><input data-rules=\"\" data-id=\"user_confirm_password\" type=\"password\" class=\"input-text  input-password ur-frontend-field\" name=\"user_confirm_password\" id=\"user_confirm_password\" placeholder=\"\"  value=\"\" required=\"required\" data-label=\"Confirma tu contrase\u00f1a\" \/><a href=\"javaScript:void(0)\" class=\"password_preview dashicons dashicons-hidden\" title=\" Show password \"><\/a><\/span><span class=\"ur-icon ur-icon-password-confirm\"><\/span> <\/span> <\/div>\t\t\t\t\t\t\t\t\t\t\t\t\t\t\t<\/div>\n\t\t\t\t\t\t\t\t\t\t\t\t\t\t\t\t\t\t\t\t\t\t\t<\/div>\n\t\t\t\t\t\t\t\t\t\t\t\t\t\t\t<\/div>\n\t\t\t\t\t\t\t\t\t\t\t\t\t\t<div class=\"ur-button-container\" >\n\t\t\t\t\t\t\t\t\t\t\t\t<button type=\"submit\" class=\"btn button ur-submit-button\">\n\t\t\t\t\t\t\t<span><\/span>\n\t\t\t\t\t\t\tEnviar\t\t\t\t\t\t<\/button>\n\t\t\t\t\t\t\t\t\t\t\t\t\t\t<div class=\"reset-btn\">\n\t\t\t<a href=\"javascript:void(0)\"  class=\"ur-reset-button\"><span class=\"dashicons dashicons-image-rotate\"><\/span>\n\t\t\tLimpiar\t\t\t<\/a>\n\t\t<\/div>\n\t\t\t\t\t\t\t\t<\/div>\n\t\t\t\t\t\n\t\t\t<div style=\"clear:both\"><\/div>\n\t\t\t\t\t\t<input type=\"hidden\" id=\"ur-form-field-icon\" name=\"ur-field-icon\" value=\"1\"\/>\n\t\t\t\t\t\t<input type=\"hidden\" name=\"ur-user-form-id\" value=\"3914\"\/>\n\t\t\t<input type=\"hidden\" name=\"ur-redirect-url\" value=\"\"\/>\n\t\t\t<input type=\"hidden\" id=\"ur_frontend_form_nonce\" name=\"ur_frontend_form_nonce\" value=\"f8c93096bf\" \/>\n\t\t\t\t\t<input type=\"hidden\" name=\"trp-form-language\" value=\"en\"\/><\/form>\n\n\t\t<div style=\"clear:both\"><\/div>\n\t<\/div>\n<\/div>\n\t\t\t\t<\/div>\n\t\t\t\t<\/div>\n\t\t\t\t\t<\/div>\n\t\t<\/div>\n\t\t\t\t\t<\/div>\n\t\t<\/section>\n\t\t\t\t<\/div>","protected":false},"excerpt":{"rendered":"<p>Descubre el camino hacia un estilo de vida m\u00e1s sostenible y conecta con la innovaci\u00f3n ambiental. \u00bfListo para recibir contenido exclusivo sobre agricultura regenerativa, consejos eco-amigables y noticias sobre avances en sostenibilidad? \ud83c\udf31 Reg\u00edstrate Ahora para Acceder a: \u2728 Contenidos Exclusivos: Informaci\u00f3n privilegiada sobre pr\u00e1cticas agr\u00edcolas regenerativas y tecnolog\u00edas eco-innovadoras. \ud83c\udf10 Novedades Sostenibles: Mantente actualizado [&hellip;]<\/p>","protected":false},"author":1,"featured_media":0,"parent":0,"menu_order":0,"comment_status":"closed","ping_status":"closed","template":"","meta":{"_mi_skip_tracking":false,"_monsterinsights_sitenote_active":false,"_monsterinsights_sitenote_note":"","_monsterinsights_sitenote_category":0,"footnotes":""},"categories":[],"tags":[],"class_list":["post-3915","page","type-page","status-publish","hentry"],"acf":[],"aioseo_notices":[],"_links":{"self":[{"href":"https:\/\/crozbiotech.com\/en\/wp-json\/wp\/v2\/pages\/3915","targetHints":{"allow":["GET"]}}],"collection":[{"href":"https:\/\/crozbiotech.com\/en\/wp-json\/wp\/v2\/pages"}],"about":[{"href":"https:\/\/crozbiotech.com\/en\/wp-json\/wp\/v2\/types\/page"}],"author":[{"embeddable":true,"href":"https:\/\/crozbiotech.com\/en\/wp-json\/wp\/v2\/users\/1"}],"replies":[{"embeddable":true,"href":"https:\/\/crozbiotech.com\/en\/wp-json\/wp\/v2\/comments?post=3915"}],"version-history":[{"count":5,"href":"https:\/\/crozbiotech.com\/en\/wp-json\/wp\/v2\/pages\/3915\/revisions"}],"predecessor-version":[{"id":3937,"href":"https:\/\/crozbiotech.com\/en\/wp-json\/wp\/v2\/pages\/3915\/revisions\/3937"}],"wp:attachment":[{"href":"https:\/\/crozbiotech.com\/en\/wp-json\/wp\/v2\/media?parent=3915"}],"wp:term":[{"taxonomy":"category","embeddable":true,"href":"https:\/\/crozbiotech.com\/en\/wp-json\/wp\/v2\/categories?post=3915"},{"taxonomy":"post_tag","embeddable":true,"href":"https:\/\/crozbiotech.com\/en\/wp-json\/wp\/v2\/tags?post=3915"}],"curies":[{"name":"wp","href":"https:\/\/api.w.org\/{rel}","templated":true}]}}