{"id":4238,"date":"2024-03-06T17:00:46","date_gmt":"2024-03-06T23:00:46","guid":{"rendered":"https:\/\/crozbiotech.com\/?page_id=4238"},"modified":"2024-04-24T20:20:40","modified_gmt":"2024-04-25T02:20:40","slug":"sistemas-de-captura-y-almacenamiento-de-carbono","status":"publish","type":"page","link":"https:\/\/crozbiotech.com\/en\/sistemas-de-captura-y-almacenamiento-de-carbono\/","title":{"rendered":"Sistemas de Captura y Almacenamiento de Carbono"},"content":{"rendered":"<div data-elementor-type=\"wp-page\" data-elementor-id=\"4238\" class=\"elementor elementor-4238\" data-elementor-post-type=\"page\">\n\t\t\t\t\t\t<section class=\"elementor-section elementor-top-section elementor-element elementor-element-80c123b elementor-section-full_width elementor-section-height-default elementor-section-height-default\" data-id=\"80c123b\" data-element_type=\"section\">\n\t\t\t\t\t\t<div class=\"elementor-container elementor-column-gap-no\">\n\t\t\t\t\t<div class=\"elementor-column elementor-col-100 elementor-top-column elementor-element elementor-element-b3f8548\" data-id=\"b3f8548\" data-element_type=\"column\">\n\t\t\t<div class=\"elementor-widget-wrap elementor-element-populated\">\n\t\t\t\t\t\t<div class=\"elementor-element elementor-element-f6a6b00 elementor-widget elementor-widget-spacer\" data-id=\"f6a6b00\" data-element_type=\"widget\" data-widget_type=\"spacer.default\">\n\t\t\t\t<div class=\"elementor-widget-container\">\n\t\t\t<style>\/*! elementor - v3.19.0 - 28-02-2024 *\/\n.elementor-column .elementor-spacer-inner{height:var(--spacer-size)}.e-con{--container-widget-width:100%}.e-con-inner>.elementor-widget-spacer,.e-con>.elementor-widget-spacer{width:var(--container-widget-width,var(--spacer-size));--align-self:var(--container-widget-align-self,initial);--flex-shrink:0}.e-con-inner>.elementor-widget-spacer>.elementor-widget-container,.e-con>.elementor-widget-spacer>.elementor-widget-container{height:100%;width:100%}.e-con-inner>.elementor-widget-spacer>.elementor-widget-container>.elementor-spacer,.e-con>.elementor-widget-spacer>.elementor-widget-container>.elementor-spacer{height:100%}.e-con-inner>.elementor-widget-spacer>.elementor-widget-container>.elementor-spacer>.elementor-spacer-inner,.e-con>.elementor-widget-spacer>.elementor-widget-container>.elementor-spacer>.elementor-spacer-inner{height:var(--container-widget-height,var(--spacer-size))}.e-con-inner>.elementor-widget-spacer.elementor-widget-empty,.e-con>.elementor-widget-spacer.elementor-widget-empty{position:relative;min-height:22px;min-width:22px}.e-con-inner>.elementor-widget-spacer.elementor-widget-empty .elementor-widget-empty-icon,.e-con>.elementor-widget-spacer.elementor-widget-empty .elementor-widget-empty-icon{position:absolute;top:0;bottom:0;left:0;right:0;margin:auto;padding:0;width:22px;height:22px}<\/style>\t\t<div class=\"elementor-spacer\">\n\t\t\t<div class=\"elementor-spacer-inner\"><\/div>\n\t\t<\/div>\n\t\t\t\t<\/div>\n\t\t\t\t<\/div>\n\t\t\t\t\t<\/div>\n\t\t<\/div>\n\t\t\t\t\t<\/div>\n\t\t<\/section>\n\t\t\t\t<section class=\"elementor-section elementor-top-section elementor-element elementor-element-d42ba0c elementor-section-boxed elementor-section-height-default elementor-section-height-default\" data-id=\"d42ba0c\" data-element_type=\"section\">\n\t\t\t\t\t\t<div class=\"elementor-container elementor-column-gap-default\">\n\t\t\t\t\t<div class=\"elementor-column elementor-col-100 elementor-top-column elementor-element elementor-element-e6249c7\" data-id=\"e6249c7\" data-element_type=\"column\">\n\t\t\t<div class=\"elementor-widget-wrap elementor-element-populated\">\n\t\t\t\t\t\t<div class=\"elementor-element elementor-element-579a541 elementor-widget elementor-widget-heading\" data-id=\"579a541\" data-element_type=\"widget\" data-widget_type=\"heading.default\">\n\t\t\t\t<div class=\"elementor-widget-container\">\n\t\t\t<style>\/*! elementor - v3.19.0 - 28-02-2024 *\/\n.elementor-heading-title{padding:0;margin:0;line-height:1}.elementor-widget-heading .elementor-heading-title[class*=elementor-size-]>a{color:inherit;font-size:inherit;line-height:inherit}.elementor-widget-heading .elementor-heading-title.elementor-size-small{font-size:15px}.elementor-widget-heading .elementor-heading-title.elementor-size-medium{font-size:19px}.elementor-widget-heading .elementor-heading-title.elementor-size-large{font-size:29px}.elementor-widget-heading .elementor-heading-title.elementor-size-xl{font-size:39px}.elementor-widget-heading .elementor-heading-title.elementor-size-xxl{font-size:59px}<\/style><h2 class=\"elementor-heading-title elementor-size-default\">Sistemas de Captura <br>Almacenamiento de Carbono<\/h2>\t\t<\/div>\n\t\t\t\t<\/div>\n\t\t\t\t\t<\/div>\n\t\t<\/div>\n\t\t\t\t\t<\/div>\n\t\t<\/section>\n\t\t\t\t<section class=\"elementor-section elementor-top-section elementor-element elementor-element-1af1214 elementor-section-boxed elementor-section-height-default elementor-section-height-default\" data-id=\"1af1214\" data-element_type=\"section\">\n\t\t\t\t\t\t<div class=\"elementor-container elementor-column-gap-default\">\n\t\t\t\t\t<div class=\"elementor-column elementor-col-50 elementor-top-column elementor-element elementor-element-474f43c\" data-id=\"474f43c\" data-element_type=\"column\">\n\t\t\t<div class=\"elementor-widget-wrap elementor-element-populated\">\n\t\t\t\t\t\t<div class=\"elementor-element elementor-element-53b84b7 elementor-widget elementor-widget-image\" data-id=\"53b84b7\" data-element_type=\"widget\" data-widget_type=\"image.default\">\n\t\t\t\t<div class=\"elementor-widget-container\">\n\t\t\t<style>\/*! elementor - v3.19.0 - 28-02-2024 *\/\n.elementor-widget-image{text-align:center}.elementor-widget-image a{display:inline-block}.elementor-widget-image a img[src$=\".svg\"]{width:48px}.elementor-widget-image img{vertical-align:middle;display:inline-block}<\/style>\t\t\t\t\t\t\t\t\t\t<img fetchpriority=\"high\" decoding=\"async\" width=\"1256\" height=\"709\" src=\"https:\/\/crozbiotech.com\/wp-content\/uploads\/2024\/03\/carbono.jpg\" class=\"attachment-full size-full wp-image-4129\" alt=\"\" srcset=\"https:\/\/crozbiotech.com\/wp-content\/uploads\/2024\/03\/carbono.jpg 1256w, https:\/\/crozbiotech.com\/wp-content\/uploads\/2024\/03\/carbono-300x169.jpg 300w, https:\/\/crozbiotech.com\/wp-content\/uploads\/2024\/03\/carbono-1024x578.jpg 1024w, https:\/\/crozbiotech.com\/wp-content\/uploads\/2024\/03\/carbono-768x434.jpg 768w, https:\/\/crozbiotech.com\/wp-content\/uploads\/2024\/03\/carbono-18x10.jpg 18w\" sizes=\"(max-width: 1256px) 100vw, 1256px\" \/>\t\t\t\t\t\t\t\t\t\t\t\t\t<\/div>\n\t\t\t\t<\/div>\n\t\t\t\t\t<\/div>\n\t\t<\/div>\n\t\t\t\t<div class=\"elementor-column elementor-col-50 elementor-top-column elementor-element elementor-element-78fd4fb\" data-id=\"78fd4fb\" data-element_type=\"column\">\n\t\t\t<div class=\"elementor-widget-wrap elementor-element-populated\">\n\t\t\t\t\t\t<div class=\"elementor-element elementor-element-0cb3c5e elementor-widget elementor-widget-text-editor\" data-id=\"0cb3c5e\" data-element_type=\"widget\" data-widget_type=\"text-editor.default\">\n\t\t\t\t<div class=\"elementor-widget-container\">\n\t\t\t<style>\/*! elementor - v3.19.0 - 28-02-2024 *\/\n.elementor-widget-text-editor.elementor-drop-cap-view-stacked .elementor-drop-cap{background-color:#69727d;color:#fff}.elementor-widget-text-editor.elementor-drop-cap-view-framed .elementor-drop-cap{color:#69727d;border:3px solid;background-color:transparent}.elementor-widget-text-editor:not(.elementor-drop-cap-view-default) .elementor-drop-cap{margin-top:8px}.elementor-widget-text-editor:not(.elementor-drop-cap-view-default) .elementor-drop-cap-letter{width:1em;height:1em}.elementor-widget-text-editor .elementor-drop-cap{float:left;text-align:center;line-height:1;font-size:50px}.elementor-widget-text-editor .elementor-drop-cap-letter{display:inline-block}<\/style>\t\t\t\t<p>En CrozBiotech, creemos en la magia de convertir los desechos en oportunidades. Presentamos nuestro servicio de Gesti\u00f3n de Residuos Org\u00e1nicos, una soluci\u00f3n inteligente para cerrar el ciclo y transformar los residuos en valiosos recursos.<\/p><p><strong>\u00bfC\u00f3mo Revolucionamos la Gesti\u00f3n de Residuos Org\u00e1nicos?<\/strong><\/p><p>\u2705 <strong>Reciclaje Circular:<\/strong> Implementamos sistemas de reciclaje circular que convierten los residuos org\u00e1nicos en compost de alta calidad, enriqueciendo el suelo y cerrando el ciclo de vida de los materiales.<\/p>\t\t\t\t\t\t<\/div>\n\t\t\t\t<\/div>\n\t\t\t\t\t<\/div>\n\t\t<\/div>\n\t\t\t\t\t<\/div>\n\t\t<\/section>\n\t\t\t\t<section class=\"elementor-section elementor-top-section elementor-element elementor-element-5a7f2f7 elementor-section-boxed elementor-section-height-default elementor-section-height-default\" data-id=\"5a7f2f7\" data-element_type=\"section\">\n\t\t\t\t\t\t<div class=\"elementor-container elementor-column-gap-default\">\n\t\t\t\t\t<div class=\"elementor-column elementor-col-100 elementor-top-column elementor-element elementor-element-e5b58e4\" data-id=\"e5b58e4\" data-element_type=\"column\">\n\t\t\t<div class=\"elementor-widget-wrap elementor-element-populated\">\n\t\t\t\t\t\t<div class=\"elementor-element elementor-element-3e72e1c elementor-widget elementor-widget-text-editor\" data-id=\"3e72e1c\" data-element_type=\"widget\" data-widget_type=\"text-editor.default\">\n\t\t\t\t<div class=\"elementor-widget-container\">\n\t\t\t\t\t\t\t<p>\u2705 <strong>Tecnolog\u00edas Sostenibles:<\/strong> Utilizamos tecnolog\u00edas innovadoras, como la digesti\u00f3n anaer\u00f3bica, para descomponer los residuos org\u00e1nicos de manera eficiente, generando energ\u00eda y reduciendo la carga en los vertederos.<\/p><p>\u2705 <strong>Educaci\u00f3n Ambiental:<\/strong> Comprometidos con la conciencia ambiental, ofrecemos programas educativos para comunidades locales, promoviendo la participaci\u00f3n activa en la reducci\u00f3n de residuos y la gesti\u00f3n sostenible.<\/p><p><strong>Beneficios para el Medio Ambiente y las Comunidades:<\/strong><\/p><p>\ud83c\udf31 <strong>Enriquecimiento del Suelo:<\/strong> El compost generado mejora la calidad del suelo, promoviendo la salud de los cultivos y cerrando el ciclo natural de los nutrientes.<\/p><p>\ud83d\udd04 <strong>Reducci\u00f3n de Residuos:<\/strong> Contribuimos a la reducci\u00f3n significativa de residuos org\u00e1nicos en vertederos, disminuyendo la carga ambiental y promoviendo pr\u00e1cticas m\u00e1s sostenibles.<\/p><p>\ud83c\udf0d <strong>Compromiso Comunitario:<\/strong> Alentamos la participaci\u00f3n activa de la comunidad en la gesti\u00f3n de residuos, fomentando una cultura de responsabilidad ambiental y sostenibilidad.<\/p><p>\u00danete a nosotros en la transformaci\u00f3n de residuos en recursos. \u00a1Cont\u00e1ctanos y descubre c\u00f3mo puedes ser parte de la revoluci\u00f3n hacia una gesti\u00f3n de residuos m\u00e1s inteligente y sostenible! \ud83c\udf3f\ud83d\udd04 #CrozBiotech #Gesti\u00f3nResiduosOrg\u00e1nicos #TransformandoRecursos<\/p>\t\t\t\t\t\t<\/div>\n\t\t\t\t<\/div>\n\t\t\t\t\t<\/div>\n\t\t<\/div>\n\t\t\t\t\t<\/div>\n\t\t<\/section>\n\t\t\t\t<section class=\"elementor-section elementor-top-section elementor-element elementor-element-9a30f41 elementor-section-boxed elementor-section-height-default elementor-section-height-default elementor-invisible\" data-id=\"9a30f41\" data-element_type=\"section\" data-settings=\"{&quot;animation&quot;:&quot;rubberBand&quot;}\">\n\t\t\t\t\t\t<div class=\"elementor-container elementor-column-gap-default\">\n\t\t\t\t\t<div class=\"elementor-column elementor-col-100 elementor-top-column elementor-element elementor-element-4136d2c\" data-id=\"4136d2c\" data-element_type=\"column\">\n\t\t\t<div class=\"elementor-widget-wrap elementor-element-populated\">\n\t\t\t\t\t\t<div class=\"elementor-element elementor-element-016a6a5 elementor-widget elementor-widget-image\" data-id=\"016a6a5\" data-element_type=\"widget\" data-widget_type=\"image.default\">\n\t\t\t\t<div class=\"elementor-widget-container\">\n\t\t\t\t\t\t\t\t\t\t\t\t\t<img decoding=\"async\" src=\"https:\/\/crozbiotech.com\/wp-content\/uploads\/2024\/04\/Logo-Croz-Biotech-.png\" title=\"Logo Croz Biotech\" alt=\"Logo Croz Biotech\" loading=\"lazy\" \/>\t\t\t\t\t\t\t\t\t\t\t\t\t<\/div>\n\t\t\t\t<\/div>\n\t\t\t\t\t<\/div>\n\t\t<\/div>\n\t\t\t\t\t<\/div>\n\t\t<\/section>\n\t\t\t\t<section class=\"elementor-section elementor-top-section elementor-element elementor-element-1da02b7 elementor-section-boxed elementor-section-height-default elementor-section-height-default\" data-id=\"1da02b7\" data-element_type=\"section\">\n\t\t\t\t\t\t<div class=\"elementor-container elementor-column-gap-default\">\n\t\t\t\t\t<div class=\"elementor-column elementor-col-100 elementor-top-column elementor-element elementor-element-935685d\" data-id=\"935685d\" data-element_type=\"column\">\n\t\t\t<div class=\"elementor-widget-wrap elementor-element-populated\">\n\t\t\t\t\t\t<div class=\"elementor-element elementor-element-52609eb elementor-align-center elementor-widget elementor-widget-button\" data-id=\"52609eb\" data-element_type=\"widget\" data-settings=\"{&quot;motion_fx_motion_fx_mouse&quot;:&quot;yes&quot;}\" data-widget_type=\"button.default\">\n\t\t\t\t<div class=\"elementor-widget-container\">\n\t\t\t\t\t<div class=\"elementor-button-wrapper\">\n\t\t\t<a class=\"elementor-button elementor-button-link elementor-size-xl elementor-animation-pulse-grow\" href=\"https:\/\/crozbiotech.com\/en\/contactanos\/\">\n\t\t\t\t\t\t<span class=\"elementor-button-content-wrapper\">\n\t\t\t\t\t\t<span class=\"elementor-button-text\">\u00a1Cont\u00e1ctenos!<\/span>\n\t\t<\/span>\n\t\t\t\t\t<\/a>\n\t\t<\/div>\n\t\t\t\t<\/div>\n\t\t\t\t<\/div>\n\t\t\t\t\t<\/div>\n\t\t<\/div>\n\t\t\t\t\t<\/div>\n\t\t<\/section>\n\t\t\t\t<section class=\"elementor-section elementor-top-section elementor-element elementor-element-5a13ef0 elementor-section-boxed elementor-section-height-default elementor-section-height-default\" data-id=\"5a13ef0\" data-element_type=\"section\">\n\t\t\t\t\t\t<div class=\"elementor-container elementor-column-gap-default\">\n\t\t\t\t\t<div class=\"elementor-column elementor-col-100 elementor-top-column elementor-element elementor-element-80defd2\" data-id=\"80defd2\" data-element_type=\"column\">\n\t\t\t<div class=\"elementor-widget-wrap elementor-element-populated\">\n\t\t\t\t\t\t<div class=\"elementor-element elementor-element-699e4f8 elementor-widget elementor-widget-spacer\" data-id=\"699e4f8\" data-element_type=\"widget\" data-widget_type=\"spacer.default\">\n\t\t\t\t<div class=\"elementor-widget-container\">\n\t\t\t\t\t<div class=\"elementor-spacer\">\n\t\t\t<div class=\"elementor-spacer-inner\"><\/div>\n\t\t<\/div>\n\t\t\t\t<\/div>\n\t\t\t\t<\/div>\n\t\t\t\t\t<\/div>\n\t\t<\/div>\n\t\t\t\t\t<\/div>\n\t\t<\/section>\n\t\t\t\t<section class=\"elementor-section elementor-top-section elementor-element elementor-element-57ee7a7 elementor-section-full_width elementor-section-height-default elementor-section-height-default\" data-id=\"57ee7a7\" data-element_type=\"section\">\n\t\t\t\t\t\t<div class=\"elementor-container elementor-column-gap-no\">\n\t\t\t\t\t<div class=\"elementor-column elementor-col-100 elementor-top-column elementor-element elementor-element-61b9053\" data-id=\"61b9053\" data-element_type=\"column\">\n\t\t\t<div class=\"elementor-widget-wrap elementor-element-populated\">\n\t\t\t\t\t\t<div class=\"elementor-element elementor-element-ce0be13 elementor--h-position-center elementor--v-position-middle elementor-arrows-position-inside elementor-pagination-position-inside elementor-widget elementor-widget-global elementor-global-4026 elementor-widget-slides\" data-id=\"ce0be13\" data-element_type=\"widget\" data-settings=\"{&quot;navigation&quot;:&quot;both&quot;,&quot;autoplay&quot;:&quot;yes&quot;,&quot;pause_on_hover&quot;:&quot;yes&quot;,&quot;pause_on_interaction&quot;:&quot;yes&quot;,&quot;autoplay_speed&quot;:5000,&quot;infinite&quot;:&quot;yes&quot;,&quot;transition&quot;:&quot;slide&quot;,&quot;transition_speed&quot;:500}\" data-widget_type=\"slides.default\">\n\t\t\t\t<div class=\"elementor-widget-container\">\n\t\t\t<style>\/*! elementor-pro - v3.14.0 - 18-06-2023 *\/\n.elementor-slides .swiper-slide-bg{background-size:cover;background-position:50%;background-repeat:no-repeat;min-width:100%;min-height:100%}.elementor-slides .swiper-slide-inner{background-repeat:no-repeat;background-position:50%;position:absolute;top:0;left:0;bottom:0;right:0;padding:50px;margin:auto}.elementor-slides .swiper-slide-inner,.elementor-slides .swiper-slide-inner:hover{color:#fff;display:flex}.elementor-slides .swiper-slide-inner .elementor-background-overlay{position:absolute;z-index:0;top:0;bottom:0;left:0;right:0}.elementor-slides .swiper-slide-inner .elementor-slide-content{position:relative;z-index:1;width:100%}.elementor-slides .swiper-slide-inner .elementor-slide-heading{font-size:35px;font-weight:700;line-height:1}.elementor-slides .swiper-slide-inner .elementor-slide-description{font-size:17px;line-height:1.4}.elementor-slides .swiper-slide-inner .elementor-slide-description:not(:last-child),.elementor-slides .swiper-slide-inner .elementor-slide-heading:not(:last-child){margin-bottom:30px}.elementor-slides .swiper-slide-inner .elementor-slide-button{border:2px solid #fff;color:#fff;background:transparent;display:inline-block}.elementor-slides .swiper-slide-inner .elementor-slide-button,.elementor-slides .swiper-slide-inner .elementor-slide-button:hover{background:transparent;color:inherit;text-decoration:none}.elementor--v-position-top .swiper-slide-inner{align-items:flex-start}.elementor--v-position-bottom .swiper-slide-inner{align-items:flex-end}.elementor--v-position-middle .swiper-slide-inner{align-items:center}.elementor--h-position-left .swiper-slide-inner{justify-content:flex-start}.elementor--h-position-right .swiper-slide-inner{justify-content:flex-end}.elementor--h-position-center .swiper-slide-inner{justify-content:center}body.rtl .elementor-widget-slides .elementor-swiper-button-next{left:10px;right:auto}body.rtl .elementor-widget-slides .elementor-swiper-button-prev{right:10px;left:auto}.elementor-slides-wrapper div:not(.swiper-slide)>.swiper-slide-inner{display:none}@media (max-width:767px){.elementor-slides .swiper-slide-inner{padding:30px}.elementor-slides .swiper-slide-inner .elementor-slide-heading{font-size:23px;line-height:1;margin-bottom:15px}.elementor-slides .swiper-slide-inner .elementor-slide-description{font-size:13px;line-height:1.4;margin-bottom:15px}}<\/style>\t\t<div class=\"elementor-swiper\">\n\t\t\t<div class=\"elementor-slides-wrapper elementor-main-swiper swiper\" dir=\"ltr\" data-animation=\"fadeInUp\">\n\t\t\t\t<div class=\"swiper-wrapper elementor-slides\">\n\t\t\t\t\t\t\t\t\t\t<div class=\"elementor-repeater-item-775fa51 swiper-slide\"><div class=\"swiper-slide-bg\" role=\"img\"><\/div><div class=\"swiper-slide-inner\" ><div class=\"swiper-slide-contents\"><\/div><\/div><\/div><div class=\"elementor-repeater-item-04e2a5d swiper-slide\"><div class=\"swiper-slide-bg\" role=\"img\"><\/div><div class=\"swiper-slide-inner\" ><div class=\"swiper-slide-contents\"><\/div><\/div><\/div>\t\t\t\t<\/div>\n\t\t\t\t\t\t\t\t\t\t\t\t\t\t\t<div class=\"swiper-pagination\"><\/div>\n\t\t\t\t\t\t\t\t\t\t\t\t\t\t\t\t<div class=\"elementor-swiper-button elementor-swiper-button-prev\" role=\"button\" tabindex=\"0\">\n\t\t\t\t\t\t\t<i aria-hidden=\"true\" class=\"eicon-chevron-left\"><\/i>\t\t\t\t\t\t\t<span class=\"elementor-screen-only\">Previous slide<\/span>\n\t\t\t\t\t\t<\/div>\n\t\t\t\t\t\t<div class=\"elementor-swiper-button elementor-swiper-button-next\" role=\"button\" tabindex=\"0\">\n\t\t\t\t\t\t\t<i aria-hidden=\"true\" class=\"eicon-chevron-right\"><\/i>\t\t\t\t\t\t\t<span class=\"elementor-screen-only\">Next slide<\/span>\n\t\t\t\t\t\t<\/div>\n\t\t\t\t\t\t\t\t\t\t\t\t<\/div>\n\t\t<\/div>\n\t\t\t\t<\/div>\n\t\t\t\t<\/div>\n\t\t\t\t\t<\/div>\n\t\t<\/div>\n\t\t\t\t\t<\/div>\n\t\t<\/section>\n\t\t\t\t<\/div>","protected":false},"excerpt":{"rendered":"<p>Sistemas de Captura Almacenamiento de Carbono En CrozBiotech, creemos en la magia de convertir los desechos en oportunidades. Presentamos nuestro servicio de Gesti\u00f3n de Residuos Org\u00e1nicos, una soluci\u00f3n inteligente para cerrar el ciclo y transformar los residuos en valiosos recursos. \u00bfC\u00f3mo Revolucionamos la Gesti\u00f3n de Residuos Org\u00e1nicos? \u2705 Reciclaje Circular: Implementamos sistemas de reciclaje circular [&hellip;]<\/p>","protected":false},"author":1,"featured_media":0,"parent":0,"menu_order":0,"comment_status":"closed","ping_status":"closed","template":"elementor_header_footer","meta":{"_mi_skip_tracking":false,"_monsterinsights_sitenote_active":false,"_monsterinsights_sitenote_note":"","_monsterinsights_sitenote_category":0,"footnotes":""},"categories":[95],"tags":[101],"class_list":["post-4238","page","type-page","status-publish","hentry","category-servicios","tag-sistemas-de-captura-y-almacenamiento-de-carbono"],"acf":[],"aioseo_notices":[],"_links":{"self":[{"href":"https:\/\/crozbiotech.com\/en\/wp-json\/wp\/v2\/pages\/4238","targetHints":{"allow":["GET"]}}],"collection":[{"href":"https:\/\/crozbiotech.com\/en\/wp-json\/wp\/v2\/pages"}],"about":[{"href":"https:\/\/crozbiotech.com\/en\/wp-json\/wp\/v2\/types\/page"}],"author":[{"embeddable":true,"href":"https:\/\/crozbiotech.com\/en\/wp-json\/wp\/v2\/users\/1"}],"replies":[{"embeddable":true,"href":"https:\/\/crozbiotech.com\/en\/wp-json\/wp\/v2\/comments?post=4238"}],"version-history":[{"count":19,"href":"https:\/\/crozbiotech.com\/en\/wp-json\/wp\/v2\/pages\/4238\/revisions"}],"predecessor-version":[{"id":4619,"href":"https:\/\/crozbiotech.com\/en\/wp-json\/wp\/v2\/pages\/4238\/revisions\/4619"}],"wp:attachment":[{"href":"https:\/\/crozbiotech.com\/en\/wp-json\/wp\/v2\/media?parent=4238"}],"wp:term":[{"taxonomy":"category","embeddable":true,"href":"https:\/\/crozbiotech.com\/en\/wp-json\/wp\/v2\/categories?post=4238"},{"taxonomy":"post_tag","embeddable":true,"href":"https:\/\/crozbiotech.com\/en\/wp-json\/wp\/v2\/tags?post=4238"}],"curies":[{"name":"wp","href":"https:\/\/api.w.org\/{rel}","templated":true}]}}