{"id":4626,"date":"2024-05-10T23:10:30","date_gmt":"2024-05-11T05:10:30","guid":{"rendered":"https:\/\/crozbiotech.com\/?page_id=4626"},"modified":"2024-05-11T00:20:00","modified_gmt":"2024-05-11T06:20:00","slug":"blog-2","status":"publish","type":"page","link":"https:\/\/crozbiotech.com\/en\/blog-2\/","title":{"rendered":"Blog"},"content":{"rendered":"<p>Reglamento de agricultura org\u00e1nica<br \/>\nN\u00ba 29782-MAG<br \/>\nEL PRESIDENTE DE LA REP\u00daBLICA<br \/>\nY EL MINISTRO DE AGRICULTURA Y GANADER\u00cdA<br \/>\nDe conformidad con los art\u00edculos 50, 46 y 140, inciso 3) y 18) de la Constituci\u00f3n<br \/>\nPol\u00edtica, la Ley de Protecci\u00f3n Fitosanitaria N\u00ba 7664 del 8 de abril de 1997; la Ley<br \/>\nOrg\u00e1nica del Ambiente N\u00ba 7554 del 13 de noviembre de 1995; la Ley General de<br \/>\nSalud Animal N\u00ba 6243 del 24 de mayo de 1978; la Ley N\u00ba 7472 de Promoci\u00f3n de la<br \/>\nCompetencia y Defensa Efectiva del Consumidor; del 20 de diciembre de 1994, la<br \/>\nLey N\u00ba 7473 Ejecuci\u00f3n de los Acuerdos de la Ronda Uruguay de Negociaciones<br \/>\nComerciales Multilaterales, del 20 de diciembre de 1994; los Decretos N\u00ba 22269-<br \/>\nMEIC y N\u00ba 22770-MEIC publicados ambos en el Alcance N\u00ba 28 de La Gaceta N\u00ba<br \/>\n134 del 15 de julio de 1993.<br \/>\nConsiderando:<br \/>\n1\u00ba\u2014Que es necesario desarrollar formas de producci\u00f3n agropecuarias arm\u00f3nicas<br \/>\ncon el ambiente que conserven los recursos naturales a largo plazo, contribuyan a<br \/>\npreservar la biodiversidad y que no utilicen o generen agentes contaminantes del<br \/>\nambiente, lo cual contribuye al desarrollo sostenible que busca el pa\u00eds.<br \/>\n2\u00ba\u2014Que la agricultura org\u00e1nica es de suma importancia para el pa\u00eds en relaci\u00f3n<br \/>\ncon la salud de la poblaci\u00f3n, la conservaci\u00f3n del ambiente, la generaci\u00f3n de<br \/>\nfuentes de empleo y el mejoramiento de la calidad de vida de los seres humanos.<br \/>\n3\u00ba\u2014Que en nuestro pa\u00eds hay un aumento significativo en la producci\u00f3n org\u00e1nica<br \/>\nen respuesta a una creciente demanda nacional e internacional de productos<br \/>\norg\u00e1nicos, que amerite ser tutelada.<br \/>\n4\u00ba\u2014Que es necesario establecer directrices normativas que respalden la<br \/>\nagricultura org\u00e1nica y que aseguren la certificaci\u00f3n de los procesos de producci\u00f3n,<br \/>\nelaboraci\u00f3n y comercializaci\u00f3n de sus productos.<br \/>\n5\u00ba\u2014Que es indispensable que los procesos involucrados en la cadena de<br \/>\nproducci\u00f3n, elaboraci\u00f3n y mercadeo de productos de car\u00e1cter org\u00e1nico, queden<br \/>\nsujetos a un r\u00e9gimen de control.<br \/>\n6\u00ba\u2014Que los convenios internacionales exigen sistemas de certificaci\u00f3n que<br \/>\ngaranticen la calidad y la integridad de los productos.<br \/>\n7\u00ba\u2014Que es necesario desarrollar v\u00ednculos que permitan promover una<br \/>\ncomercializaci\u00f3n transparente de los productos, generando confianza entre el<br \/>\nproductor y el consumidor tanto nacional como internacional.<br \/>\n8\u00ba\u2014Que la Ley N\u00ba 7554 Ley Org\u00e1nica del Ambiente, otorga al Ministerio de<br \/>\nAgricultura y Ganader\u00eda la competencia como ente rector de fijar pol\u00edticas, que<br \/>\nregulen la materia. Por tanto,<\/p>\n<p>Fuente: http:\/\/www.inta.go.cr\/Normativa\/Reglamento_agricultura_organica.pdf<\/p>","protected":false},"excerpt":{"rendered":"<p>Reglamento de agricultura org\u00e1nica N\u00ba 29782-MAG EL PRESIDENTE DE LA REP\u00daBLICA Y EL MINISTRO DE AGRICULTURA Y GANADER\u00cdA De conformidad con los art\u00edculos 50, 46 y 140, inciso 3) y 18) de la Constituci\u00f3n Pol\u00edtica, la Ley de Protecci\u00f3n Fitosanitaria N\u00ba 7664 del 8 de abril de 1997; la Ley Org\u00e1nica del Ambiente N\u00ba 7554 [&hellip;]<\/p>","protected":false},"author":1,"featured_media":0,"parent":0,"menu_order":0,"comment_status":"closed","ping_status":"closed","template":"","meta":{"_mi_skip_tracking":false,"_monsterinsights_sitenote_active":false,"_monsterinsights_sitenote_note":"","_monsterinsights_sitenote_category":0,"footnotes":""},"categories":[69],"tags":[],"class_list":["post-4626","page","type-page","status-publish","hentry","category-blog"],"acf":[],"aioseo_notices":[],"_links":{"self":[{"href":"https:\/\/crozbiotech.com\/en\/wp-json\/wp\/v2\/pages\/4626","targetHints":{"allow":["GET"]}}],"collection":[{"href":"https:\/\/crozbiotech.com\/en\/wp-json\/wp\/v2\/pages"}],"about":[{"href":"https:\/\/crozbiotech.com\/en\/wp-json\/wp\/v2\/types\/page"}],"author":[{"embeddable":true,"href":"https:\/\/crozbiotech.com\/en\/wp-json\/wp\/v2\/users\/1"}],"replies":[{"embeddable":true,"href":"https:\/\/crozbiotech.com\/en\/wp-json\/wp\/v2\/comments?post=4626"}],"version-history":[{"count":3,"href":"https:\/\/crozbiotech.com\/en\/wp-json\/wp\/v2\/pages\/4626\/revisions"}],"predecessor-version":[{"id":4634,"href":"https:\/\/crozbiotech.com\/en\/wp-json\/wp\/v2\/pages\/4626\/revisions\/4634"}],"wp:attachment":[{"href":"https:\/\/crozbiotech.com\/en\/wp-json\/wp\/v2\/media?parent=4626"}],"wp:term":[{"taxonomy":"category","embeddable":true,"href":"https:\/\/crozbiotech.com\/en\/wp-json\/wp\/v2\/categories?post=4626"},{"taxonomy":"post_tag","embeddable":true,"href":"https:\/\/crozbiotech.com\/en\/wp-json\/wp\/v2\/tags?post=4626"}],"curies":[{"name":"wp","href":"https:\/\/api.w.org\/{rel}","templated":true}]}}