{"id":4729,"date":"2025-07-08T08:41:04","date_gmt":"2025-07-08T14:41:04","guid":{"rendered":"https:\/\/crozbiotech.com\/?post_type=product&#038;p=4729"},"modified":"2025-07-08T08:41:08","modified_gmt":"2025-07-08T14:41:08","slug":"305-bioprotect-amino","status":"publish","type":"product","link":"https:\/\/crozbiotech.com\/en\/product\/305-bioprotect-amino\/","title":{"rendered":"305 BioProtect Amino"},"content":{"rendered":"<table style=\"border-collapse: collapse; width: 470pt;\" width=\"627\">\n<tbody>\n<tr style=\"height: 45.0pt;\">\n<td class=\"xl21\" style=\"width: 470pt; height: 45.0pt;\" width=\"627\" height=\"60\">Los amino\u00e1cidos son como bloques de lego que la planta toma para armar sus prote\u00ednas. Darle a la planta amino\u00e1cidos en vez de otras fuentes de nitr\u00f3geno le ayuda a ahorrar agua y energ\u00eda. Con esto se aumenta la eficiencia de los procesos naturales de la planta.<\/td>\n<\/tr>\n<\/tbody>\n<\/table>","protected":false},"excerpt":{"rendered":"<table style=\"border-collapse: collapse; width: 195pt;\" width=\"260\">\n<tbody>\n<tr style=\"height: 45.0pt;\">\n<td class=\"xl21\" style=\"width: 195pt; height: 45.0pt;\" width=\"260\" height=\"60\">Fuente de Nitrogeno<\/td>\n<\/tr>\n<\/tbody>\n<\/table>","protected":false},"featured_media":4731,"comment_status":"open","ping_status":"closed","template":"","meta":{"_mi_skip_tracking":false,"_monsterinsights_sitenote_active":false,"_monsterinsights_sitenote_note":"","_monsterinsights_sitenote_category":0},"product_brand":[],"product_cat":[121],"product_tag":[],"class_list":{"0":"post-4729","1":"product","2":"type-product","3":"status-publish","4":"has-post-thumbnail","6":"product_cat-extracto","8":"first","9":"instock","10":"shipping-taxable","11":"purchasable","12":"product-type-simple"},"acf":[],"aioseo_notices":[],"_links":{"self":[{"href":"https:\/\/crozbiotech.com\/en\/wp-json\/wp\/v2\/product\/4729","targetHints":{"allow":["GET"]}}],"collection":[{"href":"https:\/\/crozbiotech.com\/en\/wp-json\/wp\/v2\/product"}],"about":[{"href":"https:\/\/crozbiotech.com\/en\/wp-json\/wp\/v2\/types\/product"}],"replies":[{"embeddable":true,"href":"https:\/\/crozbiotech.com\/en\/wp-json\/wp\/v2\/comments?post=4729"}],"wp:featuredmedia":[{"embeddable":true,"href":"https:\/\/crozbiotech.com\/en\/wp-json\/wp\/v2\/media\/4731"}],"wp:attachment":[{"href":"https:\/\/crozbiotech.com\/en\/wp-json\/wp\/v2\/media?parent=4729"}],"wp:term":[{"taxonomy":"product_brand","embeddable":true,"href":"https:\/\/crozbiotech.com\/en\/wp-json\/wp\/v2\/product_brand?post=4729"},{"taxonomy":"product_cat","embeddable":true,"href":"https:\/\/crozbiotech.com\/en\/wp-json\/wp\/v2\/product_cat?post=4729"},{"taxonomy":"product_tag","embeddable":true,"href":"https:\/\/crozbiotech.com\/en\/wp-json\/wp\/v2\/product_tag?post=4729"}],"curies":[{"name":"wp","href":"https:\/\/api.w.org\/{rel}","templated":true}]}}