{"id":4735,"date":"2025-07-10T11:20:10","date_gmt":"2025-07-10T17:20:10","guid":{"rendered":"https:\/\/crozbiotech.com\/?post_type=product&#038;p=4735"},"modified":"2025-07-10T11:21:08","modified_gmt":"2025-07-10T17:21:08","slug":"302-bioprotect-s-ca","status":"publish","type":"product","link":"https:\/\/crozbiotech.com\/en\/product\/302-bioprotect-s-ca\/","title":{"rendered":"302 BioProtect S-Ca"},"content":{"rendered":"<div data-ccp-timestamp=\"1752167775133\">\n<table width=\"627\">\n<colgroup>\n<col width=\"627\" \/><\/colgroup>\n<tbody>\n<tr>\n<td class=\"xl21\" width=\"627\" height=\"60\">Un compuesto qu\u00edmico que utiliza fuentes de potasio y de azufre para crear ambientes indeseables para los insectos, repeli\u00e9ndolos. Fuente de azufre y potasio, elementos importantes en la funci\u00f3n natural de la planta de aprovechar los nutrientes que absorbe por la ra\u00edz.<\/td>\n<\/tr>\n<\/tbody>\n<\/table>\n<\/div>","protected":false},"excerpt":{"rendered":"<table style=\"border-collapse: collapse; width: 195pt;\" width=\"260\">\n<tbody>\n<tr style=\"height: 45.0pt;\">\n<td class=\"xl21\" style=\"width: 195pt; height: 45.0pt;\" width=\"260\" height=\"60\">Control de insectos<\/td>\n<\/tr>\n<\/tbody>\n<\/table>","protected":false},"featured_media":4736,"comment_status":"open","ping_status":"closed","template":"","meta":{"_mi_skip_tracking":false,"_monsterinsights_sitenote_active":false,"_monsterinsights_sitenote_note":"","_monsterinsights_sitenote_category":0},"product_brand":[],"product_cat":[122],"product_tag":[123,124],"class_list":{"0":"post-4735","1":"product","2":"type-product","3":"status-publish","4":"has-post-thumbnail","6":"product_cat-mineral","7":"product_tag-control-de-insectos","8":"product_tag-control-de-plagas","10":"first","11":"instock","12":"shipping-taxable","13":"purchasable","14":"product-type-simple"},"acf":[],"aioseo_notices":[],"_links":{"self":[{"href":"https:\/\/crozbiotech.com\/en\/wp-json\/wp\/v2\/product\/4735","targetHints":{"allow":["GET"]}}],"collection":[{"href":"https:\/\/crozbiotech.com\/en\/wp-json\/wp\/v2\/product"}],"about":[{"href":"https:\/\/crozbiotech.com\/en\/wp-json\/wp\/v2\/types\/product"}],"replies":[{"embeddable":true,"href":"https:\/\/crozbiotech.com\/en\/wp-json\/wp\/v2\/comments?post=4735"}],"wp:featuredmedia":[{"embeddable":true,"href":"https:\/\/crozbiotech.com\/en\/wp-json\/wp\/v2\/media\/4736"}],"wp:attachment":[{"href":"https:\/\/crozbiotech.com\/en\/wp-json\/wp\/v2\/media?parent=4735"}],"wp:term":[{"taxonomy":"product_brand","embeddable":true,"href":"https:\/\/crozbiotech.com\/en\/wp-json\/wp\/v2\/product_brand?post=4735"},{"taxonomy":"product_cat","embeddable":true,"href":"https:\/\/crozbiotech.com\/en\/wp-json\/wp\/v2\/product_cat?post=4735"},{"taxonomy":"product_tag","embeddable":true,"href":"https:\/\/crozbiotech.com\/en\/wp-json\/wp\/v2\/product_tag?post=4735"}],"curies":[{"name":"wp","href":"https:\/\/api.w.org\/{rel}","templated":true}]}}