{"id":4759,"date":"2025-07-12T01:09:57","date_gmt":"2025-07-12T07:09:57","guid":{"rendered":"https:\/\/crozbiotech.com\/?post_type=product&#038;p=4759"},"modified":"2025-07-12T01:09:57","modified_gmt":"2025-07-12T07:09:57","slug":"308-biochar-activado","status":"publish","type":"product","link":"https:\/\/crozbiotech.com\/en\/product\/308-biochar-activado\/","title":{"rendered":"308 BioChar Activado"},"content":{"rendered":"<table style=\"border-collapse: collapse; width: 470pt;\" width=\"627\">\n<tbody>\n<tr style=\"height: 45.0pt;\">\n<td class=\"xl21\" style=\"width: 470pt; height: 45.0pt;\" width=\"627\" height=\"60\">El biocarb\u00f3n es un excelente material estructural para el suelo. Se convierte en una semilla, un punto de partida para la vida. Si se inocula con microbiolog\u00eda ben\u00e9fica, se potencian las caracter\u00edsticas del material, al lograr adem\u00e1s fijar nutrientes en sus espacios intermoleculares.<\/td>\n<\/tr>\n<\/tbody>\n<\/table>","protected":false},"excerpt":{"rendered":"<table style=\"border-collapse: collapse; width: 195pt;\" width=\"260\">\n<tbody>\n<tr style=\"height: 45.0pt;\">\n<td class=\"xl21\" style=\"width: 195pt; height: 45.0pt;\" width=\"260\" height=\"60\">Biocarb\u00f3n activado con microbiolog\u00eda ben\u00e9fica<\/td>\n<\/tr>\n<\/tbody>\n<\/table>","protected":false},"featured_media":4760,"comment_status":"open","ping_status":"closed","template":"","meta":{"_mi_skip_tracking":false,"_monsterinsights_sitenote_active":false,"_monsterinsights_sitenote_note":"","_monsterinsights_sitenote_category":0},"product_brand":[],"product_cat":[136],"product_tag":[137,138],"class_list":{"0":"post-4759","1":"product","2":"type-product","3":"status-publish","4":"has-post-thumbnail","6":"product_cat-enmienda","7":"product_tag-biochar","8":"product_tag-inoculante","10":"first","11":"instock","12":"shipping-taxable","13":"purchasable","14":"product-type-simple"},"acf":[],"aioseo_notices":[],"_links":{"self":[{"href":"https:\/\/crozbiotech.com\/en\/wp-json\/wp\/v2\/product\/4759","targetHints":{"allow":["GET"]}}],"collection":[{"href":"https:\/\/crozbiotech.com\/en\/wp-json\/wp\/v2\/product"}],"about":[{"href":"https:\/\/crozbiotech.com\/en\/wp-json\/wp\/v2\/types\/product"}],"replies":[{"embeddable":true,"href":"https:\/\/crozbiotech.com\/en\/wp-json\/wp\/v2\/comments?post=4759"}],"wp:featuredmedia":[{"embeddable":true,"href":"https:\/\/crozbiotech.com\/en\/wp-json\/wp\/v2\/media\/4760"}],"wp:attachment":[{"href":"https:\/\/crozbiotech.com\/en\/wp-json\/wp\/v2\/media?parent=4759"}],"wp:term":[{"taxonomy":"product_brand","embeddable":true,"href":"https:\/\/crozbiotech.com\/en\/wp-json\/wp\/v2\/product_brand?post=4759"},{"taxonomy":"product_cat","embeddable":true,"href":"https:\/\/crozbiotech.com\/en\/wp-json\/wp\/v2\/product_cat?post=4759"},{"taxonomy":"product_tag","embeddable":true,"href":"https:\/\/crozbiotech.com\/en\/wp-json\/wp\/v2\/product_tag?post=4759"}],"curies":[{"name":"wp","href":"https:\/\/api.w.org\/{rel}","templated":true}]}}