{"id":4761,"date":"2025-07-12T09:03:49","date_gmt":"2025-07-12T15:03:49","guid":{"rendered":"https:\/\/crozbiotech.com\/?post_type=product&#038;p=4761"},"modified":"2025-07-12T09:09:55","modified_gmt":"2025-07-12T15:09:55","slug":"313-xbio365-multi-m","status":"publish","type":"product","link":"https:\/\/crozbiotech.com\/en\/product\/313-xbio365-multi-m\/","title":{"rendered":"313 XBIO365 Multi M"},"content":{"rendered":"<table style=\"border-collapse: collapse; width: 470pt;\" width=\"627\">\n<tbody>\n<tr style=\"height: 30.0pt;\">\n<td class=\"xl21\" style=\"width: 470pt; height: 30.0pt;\" width=\"627\" height=\"40\">Fermento de microorganismos de monta\u00f1a de diversas localidades de Costa Rica, enriquecido con minerales espec\u00edficos para la activaci\u00f3n de la eficiencia fotosint\u00e9tica de las plantas.<\/td>\n<\/tr>\n<\/tbody>\n<\/table>","protected":false},"excerpt":{"rendered":"<table style=\"border-collapse: collapse; width: 195pt;\" width=\"260\">\n<tbody>\n<tr style=\"height: 30.0pt;\">\n<td class=\"xl21\" style=\"width: 195pt; height: 30.0pt;\" width=\"260\" height=\"40\">Biol multimineral<\/td>\n<\/tr>\n<\/tbody>\n<\/table>","protected":false},"featured_media":4762,"comment_status":"open","ping_status":"closed","template":"","meta":{"_mi_skip_tracking":false,"_monsterinsights_sitenote_active":false,"_monsterinsights_sitenote_note":"","_monsterinsights_sitenote_category":0},"product_brand":[],"product_cat":[128],"product_tag":[129],"class_list":{"0":"post-4761","1":"product","2":"type-product","3":"status-publish","4":"has-post-thumbnail","6":"product_cat-biomineral","7":"product_tag-bionutricion","9":"first","10":"instock","11":"shipping-taxable","12":"purchasable","13":"product-type-simple"},"acf":[],"aioseo_notices":[],"_links":{"self":[{"href":"https:\/\/crozbiotech.com\/en\/wp-json\/wp\/v2\/product\/4761","targetHints":{"allow":["GET"]}}],"collection":[{"href":"https:\/\/crozbiotech.com\/en\/wp-json\/wp\/v2\/product"}],"about":[{"href":"https:\/\/crozbiotech.com\/en\/wp-json\/wp\/v2\/types\/product"}],"replies":[{"embeddable":true,"href":"https:\/\/crozbiotech.com\/en\/wp-json\/wp\/v2\/comments?post=4761"}],"wp:featuredmedia":[{"embeddable":true,"href":"https:\/\/crozbiotech.com\/en\/wp-json\/wp\/v2\/media\/4762"}],"wp:attachment":[{"href":"https:\/\/crozbiotech.com\/en\/wp-json\/wp\/v2\/media?parent=4761"}],"wp:term":[{"taxonomy":"product_brand","embeddable":true,"href":"https:\/\/crozbiotech.com\/en\/wp-json\/wp\/v2\/product_brand?post=4761"},{"taxonomy":"product_cat","embeddable":true,"href":"https:\/\/crozbiotech.com\/en\/wp-json\/wp\/v2\/product_cat?post=4761"},{"taxonomy":"product_tag","embeddable":true,"href":"https:\/\/crozbiotech.com\/en\/wp-json\/wp\/v2\/product_tag?post=4761"}],"curies":[{"name":"wp","href":"https:\/\/api.w.org\/{rel}","templated":true}]}}