{"id":4763,"date":"2025-07-12T09:38:18","date_gmt":"2025-07-12T15:38:18","guid":{"rendered":"https:\/\/crozbiotech.com\/?post_type=product&#038;p=4763"},"modified":"2025-07-12T09:38:19","modified_gmt":"2025-07-12T15:38:19","slug":"314-c-total-compost-biocompleto-organico","status":"publish","type":"product","link":"https:\/\/crozbiotech.com\/en\/product\/314-c-total-compost-biocompleto-organico\/","title":{"rendered":"314 C-TOTAL Compost Biocompleto -Org\u00e1nico"},"content":{"rendered":"<table style=\"border-collapse: collapse; width: 470pt;\" width=\"627\">\n<tbody>\n<tr style=\"height: 45.0pt;\">\n<td class=\"xl20\" style=\"width: 470pt; height: 45.0pt;\" width=\"627\" height=\"60\">Se trata de un compost elaborado con un m\u00e9todo enfocado en el desarrollo de la microbiolog\u00eda diversa compuesta por todos los grandes grupos microbiol\u00f3gicos que componen la cadena tr\u00f3fica del suelo. Ellos son: bacterias, actinobacterias, hongos, protozoarios y nem\u00e1todos.<\/td>\n<\/tr>\n<\/tbody>\n<\/table>","protected":false},"excerpt":{"rendered":"<table style=\"border-collapse: collapse; width: 195pt;\" width=\"260\">\n<tbody>\n<tr style=\"height: 45.0pt;\">\n<td class=\"xl20\" style=\"width: 195pt; height: 45.0pt;\" width=\"260\" height=\"60\">Compost biocompleto org\u00e1nico enriquecido con bacterias, hongos, protozoarios y nem\u00e1todos<\/td>\n<\/tr>\n<\/tbody>\n<\/table>","protected":false},"featured_media":4765,"comment_status":"open","ping_status":"closed","template":"","meta":{"_mi_skip_tracking":false,"_monsterinsights_sitenote_active":false,"_monsterinsights_sitenote_note":"","_monsterinsights_sitenote_category":0},"product_brand":[],"product_cat":[139],"product_tag":[140],"class_list":{"0":"post-4763","1":"product","2":"type-product","3":"status-publish","4":"has-post-thumbnail","6":"product_cat-organobiologico","7":"product_tag-bioinoculante","9":"first","10":"instock","11":"shipping-taxable","12":"purchasable","13":"product-type-simple"},"acf":[],"aioseo_notices":[],"_links":{"self":[{"href":"https:\/\/crozbiotech.com\/en\/wp-json\/wp\/v2\/product\/4763","targetHints":{"allow":["GET"]}}],"collection":[{"href":"https:\/\/crozbiotech.com\/en\/wp-json\/wp\/v2\/product"}],"about":[{"href":"https:\/\/crozbiotech.com\/en\/wp-json\/wp\/v2\/types\/product"}],"replies":[{"embeddable":true,"href":"https:\/\/crozbiotech.com\/en\/wp-json\/wp\/v2\/comments?post=4763"}],"wp:featuredmedia":[{"embeddable":true,"href":"https:\/\/crozbiotech.com\/en\/wp-json\/wp\/v2\/media\/4765"}],"wp:attachment":[{"href":"https:\/\/crozbiotech.com\/en\/wp-json\/wp\/v2\/media?parent=4763"}],"wp:term":[{"taxonomy":"product_brand","embeddable":true,"href":"https:\/\/crozbiotech.com\/en\/wp-json\/wp\/v2\/product_brand?post=4763"},{"taxonomy":"product_cat","embeddable":true,"href":"https:\/\/crozbiotech.com\/en\/wp-json\/wp\/v2\/product_cat?post=4763"},{"taxonomy":"product_tag","embeddable":true,"href":"https:\/\/crozbiotech.com\/en\/wp-json\/wp\/v2\/product_tag?post=4763"}],"curies":[{"name":"wp","href":"https:\/\/api.w.org\/{rel}","templated":true}]}}