{"id":4766,"date":"2025-07-12T09:52:21","date_gmt":"2025-07-12T15:52:21","guid":{"rendered":"https:\/\/crozbiotech.com\/?post_type=product&#038;p=4766"},"modified":"2025-07-12T09:55:36","modified_gmt":"2025-07-12T15:55:36","slug":"315-c-xtract","status":"publish","type":"product","link":"https:\/\/crozbiotech.com\/en\/product\/315-c-xtract\/","title":{"rendered":"315 C-XTRACT"},"content":{"rendered":"<table style=\"border-collapse: collapse; width: 470pt;\" width=\"627\">\n<tbody>\n<tr style=\"height: 30.0pt;\">\n<td class=\"xl20\" style=\"width: 470pt; height: 30.0pt;\" width=\"627\" height=\"40\">El C-Total se somete a un proceso que logra la extracci\u00f3n de su microbiolog\u00eda. Este es un producto l\u00edquido que permite la aplicaci\u00f3n eficiente de esa microbiolog\u00eda ben\u00e9fica y diversa.<\/td>\n<\/tr>\n<\/tbody>\n<\/table>","protected":false},"excerpt":{"rendered":"<table style=\"border-collapse: collapse; width: 195pt;\" width=\"260\">\n<tbody>\n<tr style=\"height: 30.0pt;\">\n<td class=\"xl20\" style=\"width: 195pt; height: 30.0pt;\" width=\"260\" height=\"40\">Extracto de los microorganismos presentes en el C-Total<\/td>\n<\/tr>\n<\/tbody>\n<\/table>","protected":false},"featured_media":4767,"comment_status":"open","ping_status":"closed","template":"","meta":{"_mi_skip_tracking":false,"_monsterinsights_sitenote_active":false,"_monsterinsights_sitenote_note":"","_monsterinsights_sitenote_category":0},"product_brand":[],"product_cat":[121],"product_tag":[140],"class_list":{"0":"post-4766","1":"product","2":"type-product","3":"status-publish","4":"has-post-thumbnail","6":"product_cat-extracto","7":"product_tag-bioinoculante","9":"first","10":"instock","11":"shipping-taxable","12":"purchasable","13":"product-type-simple"},"acf":[],"aioseo_notices":[],"_links":{"self":[{"href":"https:\/\/crozbiotech.com\/en\/wp-json\/wp\/v2\/product\/4766","targetHints":{"allow":["GET"]}}],"collection":[{"href":"https:\/\/crozbiotech.com\/en\/wp-json\/wp\/v2\/product"}],"about":[{"href":"https:\/\/crozbiotech.com\/en\/wp-json\/wp\/v2\/types\/product"}],"replies":[{"embeddable":true,"href":"https:\/\/crozbiotech.com\/en\/wp-json\/wp\/v2\/comments?post=4766"}],"wp:featuredmedia":[{"embeddable":true,"href":"https:\/\/crozbiotech.com\/en\/wp-json\/wp\/v2\/media\/4767"}],"wp:attachment":[{"href":"https:\/\/crozbiotech.com\/en\/wp-json\/wp\/v2\/media?parent=4766"}],"wp:term":[{"taxonomy":"product_brand","embeddable":true,"href":"https:\/\/crozbiotech.com\/en\/wp-json\/wp\/v2\/product_brand?post=4766"},{"taxonomy":"product_cat","embeddable":true,"href":"https:\/\/crozbiotech.com\/en\/wp-json\/wp\/v2\/product_cat?post=4766"},{"taxonomy":"product_tag","embeddable":true,"href":"https:\/\/crozbiotech.com\/en\/wp-json\/wp\/v2\/product_tag?post=4766"}],"curies":[{"name":"wp","href":"https:\/\/api.w.org\/{rel}","templated":true}]}}