{"id":4768,"date":"2025-07-12T10:16:53","date_gmt":"2025-07-12T16:16:53","guid":{"rendered":"https:\/\/crozbiotech.com\/?post_type=product&#038;p=4768"},"modified":"2025-07-12T10:16:53","modified_gmt":"2025-07-12T16:16:53","slug":"316-mm-live-sol","status":"publish","type":"product","link":"https:\/\/crozbiotech.com\/en\/product\/316-mm-live-sol\/","title":{"rendered":"316 MM Live Sol"},"content":{"rendered":"<table style=\"border-collapse: collapse; width: 470pt;\" width=\"627\">\n<tbody>\n<tr style=\"height: 30.0pt;\">\n<td class=\"xl20\" style=\"width: 470pt; height: 30.0pt;\" width=\"627\" height=\"40\">Este es el material de partida para la elaboraci\u00f3n de bioles y otros preparados que requieren la acci\u00f3n microbiol\u00f3gica.<\/td>\n<\/tr>\n<\/tbody>\n<\/table>","protected":false},"excerpt":{"rendered":"<table style=\"border-collapse: collapse; width: 195pt;\" width=\"260\">\n<tbody>\n<tr style=\"height: 30.0pt;\">\n<td class=\"xl20\" style=\"width: 195pt; height: 30.0pt;\" width=\"260\" height=\"40\">Concentrado de microorganismos de monta\u00f1a<\/td>\n<\/tr>\n<\/tbody>\n<\/table>","protected":false},"featured_media":4769,"comment_status":"open","ping_status":"closed","template":"","meta":{"_mi_skip_tracking":false,"_monsterinsights_sitenote_active":false,"_monsterinsights_sitenote_note":"","_monsterinsights_sitenote_category":0},"product_brand":[],"product_cat":[120],"product_tag":[140],"class_list":{"0":"post-4768","1":"product","2":"type-product","3":"status-publish","4":"has-post-thumbnail","6":"product_cat-control-biologico","7":"product_tag-bioinoculante","9":"first","10":"instock","11":"shipping-taxable","12":"purchasable","13":"product-type-simple"},"acf":[],"aioseo_notices":[],"_links":{"self":[{"href":"https:\/\/crozbiotech.com\/en\/wp-json\/wp\/v2\/product\/4768","targetHints":{"allow":["GET"]}}],"collection":[{"href":"https:\/\/crozbiotech.com\/en\/wp-json\/wp\/v2\/product"}],"about":[{"href":"https:\/\/crozbiotech.com\/en\/wp-json\/wp\/v2\/types\/product"}],"replies":[{"embeddable":true,"href":"https:\/\/crozbiotech.com\/en\/wp-json\/wp\/v2\/comments?post=4768"}],"wp:featuredmedia":[{"embeddable":true,"href":"https:\/\/crozbiotech.com\/en\/wp-json\/wp\/v2\/media\/4769"}],"wp:attachment":[{"href":"https:\/\/crozbiotech.com\/en\/wp-json\/wp\/v2\/media?parent=4768"}],"wp:term":[{"taxonomy":"product_brand","embeddable":true,"href":"https:\/\/crozbiotech.com\/en\/wp-json\/wp\/v2\/product_brand?post=4768"},{"taxonomy":"product_cat","embeddable":true,"href":"https:\/\/crozbiotech.com\/en\/wp-json\/wp\/v2\/product_cat?post=4768"},{"taxonomy":"product_tag","embeddable":true,"href":"https:\/\/crozbiotech.com\/en\/wp-json\/wp\/v2\/product_tag?post=4768"}],"curies":[{"name":"wp","href":"https:\/\/api.w.org\/{rel}","templated":true}]}}