{"id":4781,"date":"2025-07-12T12:17:09","date_gmt":"2025-07-12T18:17:09","guid":{"rendered":"https:\/\/crozbiotech.com\/?post_type=product&#038;p=4781"},"modified":"2025-07-12T12:25:48","modified_gmt":"2025-07-12T18:25:48","slug":"325-bioprotect-inoculante","status":"publish","type":"product","link":"https:\/\/crozbiotech.com\/en\/product\/325-bioprotect-inoculante\/","title":{"rendered":"325 BioProtect Inoculante"},"content":{"rendered":"<table style=\"border-collapse: collapse; width: 470pt;\" width=\"627\">\n<tbody>\n<tr style=\"height: 45.0pt;\">\n<td class=\"xl20\" style=\"width: 470pt; height: 45.0pt;\" width=\"627\" height=\"60\">Contiene bacterias, hongos, nem\u00e1todos y protozoarios ben\u00e9ficos que ayudan a reestablecer la cadena tr\u00f3fica del suelo y a reactivar el ciclo de nutrientes.<\/td>\n<\/tr>\n<\/tbody>\n<\/table>","protected":false},"excerpt":{"rendered":"<table style=\"border-collapse: collapse; width: 195pt;\" width=\"260\">\n<tbody>\n<tr style=\"height: 45.0pt;\">\n<td class=\"xl20\" style=\"width: 195pt; height: 45.0pt;\" width=\"260\" height=\"60\">Consorcio de microorganismos ben\u00e9ficos de todos los grupos principales del suelo<\/td>\n<\/tr>\n<\/tbody>\n<\/table>","protected":false},"featured_media":4782,"comment_status":"open","ping_status":"closed","template":"","meta":{"_mi_skip_tracking":false,"_monsterinsights_sitenote_active":false,"_monsterinsights_sitenote_note":"","_monsterinsights_sitenote_category":0},"product_brand":[],"product_cat":[120],"product_tag":[140],"class_list":{"0":"post-4781","1":"product","2":"type-product","3":"status-publish","4":"has-post-thumbnail","6":"product_cat-control-biologico","7":"product_tag-bioinoculante","9":"first","10":"instock","11":"shipping-taxable","12":"purchasable","13":"product-type-simple"},"acf":[],"aioseo_notices":[],"_links":{"self":[{"href":"https:\/\/crozbiotech.com\/en\/wp-json\/wp\/v2\/product\/4781","targetHints":{"allow":["GET"]}}],"collection":[{"href":"https:\/\/crozbiotech.com\/en\/wp-json\/wp\/v2\/product"}],"about":[{"href":"https:\/\/crozbiotech.com\/en\/wp-json\/wp\/v2\/types\/product"}],"replies":[{"embeddable":true,"href":"https:\/\/crozbiotech.com\/en\/wp-json\/wp\/v2\/comments?post=4781"}],"wp:featuredmedia":[{"embeddable":true,"href":"https:\/\/crozbiotech.com\/en\/wp-json\/wp\/v2\/media\/4782"}],"wp:attachment":[{"href":"https:\/\/crozbiotech.com\/en\/wp-json\/wp\/v2\/media?parent=4781"}],"wp:term":[{"taxonomy":"product_brand","embeddable":true,"href":"https:\/\/crozbiotech.com\/en\/wp-json\/wp\/v2\/product_brand?post=4781"},{"taxonomy":"product_cat","embeddable":true,"href":"https:\/\/crozbiotech.com\/en\/wp-json\/wp\/v2\/product_cat?post=4781"},{"taxonomy":"product_tag","embeddable":true,"href":"https:\/\/crozbiotech.com\/en\/wp-json\/wp\/v2\/product_tag?post=4781"}],"curies":[{"name":"wp","href":"https:\/\/api.w.org\/{rel}","templated":true}]}}