{"id":4785,"date":"2025-07-12T13:06:42","date_gmt":"2025-07-12T19:06:42","guid":{"rendered":"https:\/\/crozbiotech.com\/?post_type=product&#038;p=4785"},"modified":"2025-07-12T13:09:24","modified_gmt":"2025-07-12T19:09:24","slug":"328-bioprotect-pzoar","status":"publish","type":"product","link":"https:\/\/crozbiotech.com\/en\/product\/328-bioprotect-pzoar\/","title":{"rendered":"328 BioProtect PZoar"},"content":{"rendered":"<table style=\"border-collapse: collapse; width: 470pt;\" width=\"627\">\n<tbody>\n<tr style=\"height: 45.0pt;\">\n<td class=\"xl20\" style=\"width: 470pt; height: 45.0pt;\" width=\"627\" height=\"60\">Los protozoarios son microorganismos ben\u00e9ficos cuya funci\u00f3n es comer bacterias. Esta depredaci\u00f3n mejora la estructura de los suelos y libera nutrientes atrapados en el cuerpo de las bacterias, haci\u00e9ndolos disponibles para la planta.<\/td>\n<\/tr>\n<\/tbody>\n<\/table>","protected":false},"excerpt":{"rendered":"<table style=\"border-collapse: collapse; width: 195pt;\" width=\"260\">\n<tbody>\n<tr style=\"height: 45.0pt;\">\n<td class=\"xl20\" style=\"width: 195pt; height: 45.0pt;\" width=\"260\" height=\"60\">Cultivo de protozoarios ben\u00e9ficos<\/td>\n<\/tr>\n<\/tbody>\n<\/table>","protected":false},"featured_media":4786,"comment_status":"open","ping_status":"closed","template":"","meta":{"_mi_skip_tracking":false,"_monsterinsights_sitenote_active":false,"_monsterinsights_sitenote_note":"","_monsterinsights_sitenote_category":0},"product_brand":[],"product_cat":[120],"product_tag":[140],"class_list":{"0":"post-4785","1":"product","2":"type-product","3":"status-publish","4":"has-post-thumbnail","6":"product_cat-control-biologico","7":"product_tag-bioinoculante","9":"first","10":"instock","11":"shipping-taxable","12":"purchasable","13":"product-type-simple"},"acf":[],"aioseo_notices":[],"_links":{"self":[{"href":"https:\/\/crozbiotech.com\/en\/wp-json\/wp\/v2\/product\/4785","targetHints":{"allow":["GET"]}}],"collection":[{"href":"https:\/\/crozbiotech.com\/en\/wp-json\/wp\/v2\/product"}],"about":[{"href":"https:\/\/crozbiotech.com\/en\/wp-json\/wp\/v2\/types\/product"}],"replies":[{"embeddable":true,"href":"https:\/\/crozbiotech.com\/en\/wp-json\/wp\/v2\/comments?post=4785"}],"wp:featuredmedia":[{"embeddable":true,"href":"https:\/\/crozbiotech.com\/en\/wp-json\/wp\/v2\/media\/4786"}],"wp:attachment":[{"href":"https:\/\/crozbiotech.com\/en\/wp-json\/wp\/v2\/media?parent=4785"}],"wp:term":[{"taxonomy":"product_brand","embeddable":true,"href":"https:\/\/crozbiotech.com\/en\/wp-json\/wp\/v2\/product_brand?post=4785"},{"taxonomy":"product_cat","embeddable":true,"href":"https:\/\/crozbiotech.com\/en\/wp-json\/wp\/v2\/product_cat?post=4785"},{"taxonomy":"product_tag","embeddable":true,"href":"https:\/\/crozbiotech.com\/en\/wp-json\/wp\/v2\/product_tag?post=4785"}],"curies":[{"name":"wp","href":"https:\/\/api.w.org\/{rel}","templated":true}]}}