{"id":4799,"date":"2025-07-12T19:55:10","date_gmt":"2025-07-13T01:55:10","guid":{"rendered":"https:\/\/crozbiotech.com\/?post_type=product&#038;p=4799"},"modified":"2025-07-12T19:55:14","modified_gmt":"2025-07-13T01:55:14","slug":"334-zeolita","status":"publish","type":"product","link":"https:\/\/crozbiotech.com\/en\/product\/334-zeolita\/","title":{"rendered":"334 Zeolita"},"content":{"rendered":"<table style=\"border-collapse: collapse; width: 470pt;\" width=\"627\">\n<tbody>\n<tr style=\"height: 75.0pt;\">\n<td class=\"xl20\" style=\"width: 470pt; height: 75.0pt;\" width=\"627\" height=\"100\">\u2022La zeolita es un mineral natural se utiliza en diversas aplicaciones, incluyendo la agricultura regenerativa. Su estructura porosa y su capacidad para intercambiar cationes la hacen \u00fatil en la mejora de suelos y en la remoci\u00f3n de contaminantes, como el cadmio y otros metales pesados. Mejora del Suelo, la retenci\u00f3n de agua y nutrientes en el suelo, lo que favorece el crecimiento de las plantas. Restaurar la salud del suelo.<\/td>\n<\/tr>\n<\/tbody>\n<\/table>","protected":false},"excerpt":{"rendered":"<table style=\"border-collapse: collapse; width: 195pt;\" width=\"260\">\n<tbody>\n<tr style=\"height: 75.0pt;\">\n<td class=\"xl20\" style=\"width: 195pt; height: 75.0pt;\" width=\"260\" height=\"100\">Mineral natural, Mejora del Suelo, Intercambio de Nutrientes, Remoci\u00f3n de Metales Pesados, Regulaci\u00f3n del pH, Sistemas de Filtraci\u00f3n<\/td>\n<\/tr>\n<\/tbody>\n<\/table>","protected":false},"featured_media":4800,"comment_status":"open","ping_status":"closed","template":"","meta":{"_mi_skip_tracking":false,"_monsterinsights_sitenote_active":false,"_monsterinsights_sitenote_note":"","_monsterinsights_sitenote_category":0},"product_brand":[],"product_cat":[136],"product_tag":[129],"class_list":{"0":"post-4799","1":"product","2":"type-product","3":"status-publish","4":"has-post-thumbnail","6":"product_cat-enmienda","7":"product_tag-bionutricion","9":"first","10":"instock","11":"shipping-taxable","12":"purchasable","13":"product-type-simple"},"acf":[],"aioseo_notices":[],"_links":{"self":[{"href":"https:\/\/crozbiotech.com\/en\/wp-json\/wp\/v2\/product\/4799","targetHints":{"allow":["GET"]}}],"collection":[{"href":"https:\/\/crozbiotech.com\/en\/wp-json\/wp\/v2\/product"}],"about":[{"href":"https:\/\/crozbiotech.com\/en\/wp-json\/wp\/v2\/types\/product"}],"replies":[{"embeddable":true,"href":"https:\/\/crozbiotech.com\/en\/wp-json\/wp\/v2\/comments?post=4799"}],"wp:featuredmedia":[{"embeddable":true,"href":"https:\/\/crozbiotech.com\/en\/wp-json\/wp\/v2\/media\/4800"}],"wp:attachment":[{"href":"https:\/\/crozbiotech.com\/en\/wp-json\/wp\/v2\/media?parent=4799"}],"wp:term":[{"taxonomy":"product_brand","embeddable":true,"href":"https:\/\/crozbiotech.com\/en\/wp-json\/wp\/v2\/product_brand?post=4799"},{"taxonomy":"product_cat","embeddable":true,"href":"https:\/\/crozbiotech.com\/en\/wp-json\/wp\/v2\/product_cat?post=4799"},{"taxonomy":"product_tag","embeddable":true,"href":"https:\/\/crozbiotech.com\/en\/wp-json\/wp\/v2\/product_tag?post=4799"}],"curies":[{"name":"wp","href":"https:\/\/api.w.org\/{rel}","templated":true}]}}